{"id":188,"date":"2025-06-25T20:47:57","date_gmt":"2025-06-25T13:47:57","guid":{"rendered":"https:\/\/diennt.com\/bds\/?post_type=product&#038;p=188"},"modified":"2025-06-27T00:21:18","modified_gmt":"2025-06-26T17:21:18","slug":"nha-moi-xay","status":"publish","type":"product","link":"https:\/\/diennt.com\/bds\/san-pham\/nha-moi-xay\/","title":{"rendered":"Nh\u00e0 m\u1edbi x\u00e2y"},"content":{"rendered":"<ul>\n<li>Nh\u00e0 tho\u00e1ng m\u00e1t, m\u1eb7t \u0111\u01b0\u1eddng r\u1ed9ng \u0111\u1ee7 ch\u1ed7 cho xe \u00f4 t\u00f4 ch\u1ea1y -3pn 2wc<\/li>\n<li>C\u00f3 s\u1ed5 ri\u00eang v\u00e0 \u0111\u1ea7y \u0111\u1ee7 gi\u1ea5y t\u1edd<\/li>\n<li>Xung quanh khu v\u1ef1c an ninh, h\u00e0ng x\u00f3m th\u00e2n thi\u1ec7n, g\u1ea7n tr\u01b0\u1eddng v\u00e0 ch\u1ee3<\/li>\n<li>Li\u00ean h\u1ec7 qua zl \u0111\u1ec3 \u0111\u01b0\u1ee3c t\u01b0 v\u1ea5n th\u00eam v\u00e0 d\u1eabn \u0111i xem nh\u00e0 tr\u1ef1c ti\u1ebfp<\/li>\n<li>Gi\u00e1 c\u1ea3 c\u00f2n th\u01b0\u01a1ng l\u01b0\u1ee3ng!!!!<\/li>\n<\/ul>\n","protected":false},"excerpt":{"rendered":"<p>Nh\u00e0 tho\u00e1ng m\u00e1t, m\u1eb7t \u0111\u01b0\u1eddng r\u1ed9ng \u0111\u1ee7 ch\u1ed7 cho xe \u00f4 t\u00f4 ch\u1ea1y -3pn 2wc C\u00f3 s\u1ed5 ri\u00eang v\u00e0 \u0111\u1ea7y \u0111\u1ee7 gi\u1ea5y t\u1edd Xung quanh khu v\u1ef1c an ninh, h\u00e0ng x\u00f3m th\u00e2n thi\u1ec7n, g\u1ea7n tr\u01b0\u1eddng v\u00e0 ch\u1ee3 Li\u00ean h\u1ec7 qua zl \u0111\u1ec3 \u0111\u01b0\u1ee3c t\u01b0 v\u1ea5n th\u00eam v\u00e0 d\u1eabn \u0111i xem nh\u00e0 tr\u1ef1c ti\u1ebfp Gi\u00e1 c\u1ea3&#8230;<\/p>\n","protected":false},"featured_media":189,"comment_status":"open","ping_status":"closed","template":"","meta":{"_acf_changed":false},"product_brand":[40],"product_cat":[16,24],"product_tag":[34,35,36,37],"class_list":{"0":"post-188","1":"product","2":"type-product","3":"status-publish","4":"has-post-thumbnail","6":"product_brand-ky-gui","7":"product_cat-tat-ca","8":"product_cat-ban-nha-hung-long","9":"product_tag-ban-nha-binh-chanh","10":"product_tag-ban-nha-quy-duc","11":"product_tag-ban-nha-tan-kien","12":"product_tag-ban-nha-vinh-loc-a","14":"first","15":"instock","16":"shipping-taxable","17":"product-type-simple"},"acf":[],"yoast_head":"<!-- This site is optimized with the Yoast SEO plugin v25.3.1 - https:\/\/yoast.com\/wordpress\/plugins\/seo\/ -->\n<title>Nh\u00e0 m\u1edbi x\u00e2y - Nhabinhchanhgiare.com | Chuy\u00ean mua b\u00e1n cho thu\u00ea nh\u00e0 B\u00ecnh Ch\u00e1nh<\/title>\n<meta name=\"robots\" content=\"index, follow, max-snippet:-1, max-image-preview:large, max-video-preview:-1\" \/>\n<link rel=\"canonical\" href=\"https:\/\/diennt.com\/bds\/san-pham\/nha-moi-xay\/\" \/>\n<meta property=\"og:locale\" content=\"vi_VN\" \/>\n<meta property=\"og:type\" content=\"article\" \/>\n<meta property=\"og:title\" content=\"Nh\u00e0 m\u1edbi x\u00e2y - Nhabinhchanhgiare.com | Chuy\u00ean mua b\u00e1n cho thu\u00ea nh\u00e0 B\u00ecnh Ch\u00e1nh\" \/>\n<meta property=\"og:description\" content=\"Nh\u00e0 tho\u00e1ng m\u00e1t, m\u1eb7t \u0111\u01b0\u1eddng r\u1ed9ng \u0111\u1ee7 ch\u1ed7 cho xe \u00f4 t\u00f4 ch\u1ea1y -3pn 2wc C\u00f3 s\u1ed5 ri\u00eang v\u00e0 \u0111\u1ea7y \u0111\u1ee7 gi\u1ea5y t\u1edd Xung quanh khu v\u1ef1c an ninh, h\u00e0ng x\u00f3m th\u00e2n thi\u1ec7n, g\u1ea7n tr\u01b0\u1eddng v\u00e0 ch\u1ee3 Li\u00ean h\u1ec7 qua zl \u0111\u1ec3 \u0111\u01b0\u1ee3c t\u01b0 v\u1ea5n th\u00eam v\u00e0 d\u1eabn \u0111i xem nh\u00e0 tr\u1ef1c ti\u1ebfp Gi\u00e1 c\u1ea3...\" \/>\n<meta property=\"og:url\" content=\"https:\/\/diennt.com\/bds\/san-pham\/nha-moi-xay\/\" \/>\n<meta property=\"og:site_name\" content=\"Nhabinhchanhgiare.com | Chuy\u00ean mua b\u00e1n cho thu\u00ea nh\u00e0 B\u00ecnh Ch\u00e1nh\" \/>\n<meta property=\"article:modified_time\" content=\"2025-06-26T17:21:18+00:00\" \/>\n<meta property=\"og:image\" content=\"https:\/\/diennt.com\/bds\/wp-content\/uploads\/2025\/06\/anh-ngoi-nha-6.jpg\" \/>\n\t<meta property=\"og:image:width\" content=\"1200\" \/>\n\t<meta property=\"og:image:height\" content=\"900\" \/>\n\t<meta property=\"og:image:type\" content=\"image\/jpeg\" \/>\n<meta name=\"twitter:card\" content=\"summary_large_image\" \/>\n<script type=\"application\/ld+json\" class=\"yoast-schema-graph\">{\"@context\":\"https:\/\/schema.org\",\"@graph\":[{\"@type\":\"WebPage\",\"@id\":\"https:\/\/diennt.com\/bds\/san-pham\/nha-moi-xay\/\",\"url\":\"https:\/\/diennt.com\/bds\/san-pham\/nha-moi-xay\/\",\"name\":\"Nh\u00e0 m\u1edbi x\u00e2y - Nhabinhchanhgiare.com | Chuy\u00ean mua b\u00e1n cho thu\u00ea nh\u00e0 B\u00ecnh Ch\u00e1nh\",\"isPartOf\":{\"@id\":\"https:\/\/diennt.com\/bds\/#website\"},\"primaryImageOfPage\":{\"@id\":\"https:\/\/diennt.com\/bds\/san-pham\/nha-moi-xay\/#primaryimage\"},\"image\":{\"@id\":\"https:\/\/diennt.com\/bds\/san-pham\/nha-moi-xay\/#primaryimage\"},\"thumbnailUrl\":\"https:\/\/diennt.com\/bds\/wp-content\/uploads\/2025\/06\/anh-ngoi-nha-6.jpg\",\"datePublished\":\"2025-06-25T13:47:57+00:00\",\"dateModified\":\"2025-06-26T17:21:18+00:00\",\"breadcrumb\":{\"@id\":\"https:\/\/diennt.com\/bds\/san-pham\/nha-moi-xay\/#breadcrumb\"},\"inLanguage\":\"vi\",\"potentialAction\":[{\"@type\":\"ReadAction\",\"target\":[\"https:\/\/diennt.com\/bds\/san-pham\/nha-moi-xay\/\"]}]},{\"@type\":\"ImageObject\",\"inLanguage\":\"vi\",\"@id\":\"https:\/\/diennt.com\/bds\/san-pham\/nha-moi-xay\/#primaryimage\",\"url\":\"https:\/\/diennt.com\/bds\/wp-content\/uploads\/2025\/06\/anh-ngoi-nha-6.jpg\",\"contentUrl\":\"https:\/\/diennt.com\/bds\/wp-content\/uploads\/2025\/06\/anh-ngoi-nha-6.jpg\",\"width\":1200,\"height\":900},{\"@type\":\"BreadcrumbList\",\"@id\":\"https:\/\/diennt.com\/bds\/san-pham\/nha-moi-xay\/#breadcrumb\",\"itemListElement\":[{\"@type\":\"ListItem\",\"position\":1,\"name\":\"Trang ch\u1ee7\",\"item\":\"https:\/\/diennt.com\/bds\/\"},{\"@type\":\"ListItem\",\"position\":2,\"name\":\"D\u1ef1 \u00e1n\",\"item\":\"https:\/\/diennt.com\/bds\/du-an\/\"},{\"@type\":\"ListItem\",\"position\":3,\"name\":\"Nh\u00e0 m\u1edbi x\u00e2y\"}]},{\"@type\":\"WebSite\",\"@id\":\"https:\/\/diennt.com\/bds\/#website\",\"url\":\"https:\/\/diennt.com\/bds\/\",\"name\":\"Nhabinhchanhgiare.com | Chuy\u00ean mua b\u00e1n cho thu\u00ea nh\u00e0 B\u00ecnh Ch\u00e1nh\",\"description\":\"\",\"potentialAction\":[{\"@type\":\"SearchAction\",\"target\":{\"@type\":\"EntryPoint\",\"urlTemplate\":\"https:\/\/diennt.com\/bds\/?s={search_term_string}\"},\"query-input\":{\"@type\":\"PropertyValueSpecification\",\"valueRequired\":true,\"valueName\":\"search_term_string\"}}],\"inLanguage\":\"vi\"}]}<\/script>\n<!-- \/ Yoast SEO plugin. -->","yoast_head_json":{"title":"Nh\u00e0 m\u1edbi x\u00e2y - Nhabinhchanhgiare.com | Chuy\u00ean mua b\u00e1n cho thu\u00ea nh\u00e0 B\u00ecnh Ch\u00e1nh","robots":{"index":"index","follow":"follow","max-snippet":"max-snippet:-1","max-image-preview":"max-image-preview:large","max-video-preview":"max-video-preview:-1"},"canonical":"https:\/\/diennt.com\/bds\/san-pham\/nha-moi-xay\/","og_locale":"vi_VN","og_type":"article","og_title":"Nh\u00e0 m\u1edbi x\u00e2y - Nhabinhchanhgiare.com | Chuy\u00ean mua b\u00e1n cho thu\u00ea nh\u00e0 B\u00ecnh Ch\u00e1nh","og_description":"Nh\u00e0 tho\u00e1ng m\u00e1t, m\u1eb7t \u0111\u01b0\u1eddng r\u1ed9ng \u0111\u1ee7 ch\u1ed7 cho xe \u00f4 t\u00f4 ch\u1ea1y -3pn 2wc C\u00f3 s\u1ed5 ri\u00eang v\u00e0 \u0111\u1ea7y \u0111\u1ee7 gi\u1ea5y t\u1edd Xung quanh khu v\u1ef1c an ninh, h\u00e0ng x\u00f3m th\u00e2n thi\u1ec7n, g\u1ea7n tr\u01b0\u1eddng v\u00e0 ch\u1ee3 Li\u00ean h\u1ec7 qua zl \u0111\u1ec3 \u0111\u01b0\u1ee3c t\u01b0 v\u1ea5n th\u00eam v\u00e0 d\u1eabn \u0111i xem nh\u00e0 tr\u1ef1c ti\u1ebfp Gi\u00e1 c\u1ea3...","og_url":"https:\/\/diennt.com\/bds\/san-pham\/nha-moi-xay\/","og_site_name":"Nhabinhchanhgiare.com | Chuy\u00ean mua b\u00e1n cho thu\u00ea nh\u00e0 B\u00ecnh Ch\u00e1nh","article_modified_time":"2025-06-26T17:21:18+00:00","og_image":[{"width":1200,"height":900,"url":"https:\/\/diennt.com\/bds\/wp-content\/uploads\/2025\/06\/anh-ngoi-nha-6.jpg","type":"image\/jpeg"}],"twitter_card":"summary_large_image","schema":{"@context":"https:\/\/schema.org","@graph":[{"@type":"WebPage","@id":"https:\/\/diennt.com\/bds\/san-pham\/nha-moi-xay\/","url":"https:\/\/diennt.com\/bds\/san-pham\/nha-moi-xay\/","name":"Nh\u00e0 m\u1edbi x\u00e2y - Nhabinhchanhgiare.com | Chuy\u00ean mua b\u00e1n cho thu\u00ea nh\u00e0 B\u00ecnh Ch\u00e1nh","isPartOf":{"@id":"https:\/\/diennt.com\/bds\/#website"},"primaryImageOfPage":{"@id":"https:\/\/diennt.com\/bds\/san-pham\/nha-moi-xay\/#primaryimage"},"image":{"@id":"https:\/\/diennt.com\/bds\/san-pham\/nha-moi-xay\/#primaryimage"},"thumbnailUrl":"https:\/\/diennt.com\/bds\/wp-content\/uploads\/2025\/06\/anh-ngoi-nha-6.jpg","datePublished":"2025-06-25T13:47:57+00:00","dateModified":"2025-06-26T17:21:18+00:00","breadcrumb":{"@id":"https:\/\/diennt.com\/bds\/san-pham\/nha-moi-xay\/#breadcrumb"},"inLanguage":"vi","potentialAction":[{"@type":"ReadAction","target":["https:\/\/diennt.com\/bds\/san-pham\/nha-moi-xay\/"]}]},{"@type":"ImageObject","inLanguage":"vi","@id":"https:\/\/diennt.com\/bds\/san-pham\/nha-moi-xay\/#primaryimage","url":"https:\/\/diennt.com\/bds\/wp-content\/uploads\/2025\/06\/anh-ngoi-nha-6.jpg","contentUrl":"https:\/\/diennt.com\/bds\/wp-content\/uploads\/2025\/06\/anh-ngoi-nha-6.jpg","width":1200,"height":900},{"@type":"BreadcrumbList","@id":"https:\/\/diennt.com\/bds\/san-pham\/nha-moi-xay\/#breadcrumb","itemListElement":[{"@type":"ListItem","position":1,"name":"Trang ch\u1ee7","item":"https:\/\/diennt.com\/bds\/"},{"@type":"ListItem","position":2,"name":"D\u1ef1 \u00e1n","item":"https:\/\/diennt.com\/bds\/du-an\/"},{"@type":"ListItem","position":3,"name":"Nh\u00e0 m\u1edbi x\u00e2y"}]},{"@type":"WebSite","@id":"https:\/\/diennt.com\/bds\/#website","url":"https:\/\/diennt.com\/bds\/","name":"Nhabinhchanhgiare.com | Chuy\u00ean mua b\u00e1n cho thu\u00ea nh\u00e0 B\u00ecnh Ch\u00e1nh","description":"","potentialAction":[{"@type":"SearchAction","target":{"@type":"EntryPoint","urlTemplate":"https:\/\/diennt.com\/bds\/?s={search_term_string}"},"query-input":{"@type":"PropertyValueSpecification","valueRequired":true,"valueName":"search_term_string"}}],"inLanguage":"vi"}]}},"_links":{"self":[{"href":"https:\/\/diennt.com\/bds\/wp-json\/wp\/v2\/product\/188","targetHints":{"allow":["GET"]}}],"collection":[{"href":"https:\/\/diennt.com\/bds\/wp-json\/wp\/v2\/product"}],"about":[{"href":"https:\/\/diennt.com\/bds\/wp-json\/wp\/v2\/types\/product"}],"replies":[{"embeddable":true,"href":"https:\/\/diennt.com\/bds\/wp-json\/wp\/v2\/comments?post=188"}],"wp:featuredmedia":[{"embeddable":true,"href":"https:\/\/diennt.com\/bds\/wp-json\/wp\/v2\/media\/189"}],"wp:attachment":[{"href":"https:\/\/diennt.com\/bds\/wp-json\/wp\/v2\/media?parent=188"}],"wp:term":[{"taxonomy":"product_brand","embeddable":true,"href":"https:\/\/diennt.com\/bds\/wp-json\/wp\/v2\/product_brand?post=188"},{"taxonomy":"product_cat","embeddable":true,"href":"https:\/\/diennt.com\/bds\/wp-json\/wp\/v2\/product_cat?post=188"},{"taxonomy":"product_tag","embeddable":true,"href":"https:\/\/diennt.com\/bds\/wp-json\/wp\/v2\/product_tag?post=188"}],"curies":[{"name":"wp","href":"https:\/\/api.w.org\/{rel}","templated":true}]}}