{"id":363,"date":"2025-06-26T21:45:59","date_gmt":"2025-06-26T14:45:59","guid":{"rendered":"https:\/\/diennt.com\/bds\/?page_id=363"},"modified":"2025-06-26T22:18:19","modified_gmt":"2025-06-26T15:18:19","slug":"dang-ky","status":"publish","type":"page","link":"https:\/\/diennt.com\/bds\/dang-ky\/","title":{"rendered":"\u0110\u0103ng k\u00fd"},"content":{"rendered":"\n\t<section class=\"section\" id=\"section_1317053337\">\n\t\t<div class=\"section-bg fill\" >\n\t\t\t<img loading=\"lazy\" decoding=\"async\" width=\"2560\" height=\"1435\" src=\"https:\/\/diennt.com\/bds\/wp-content\/uploads\/2025\/06\/3d-rendering-house-model-scaled.jpg\" class=\"bg attachment-original size-original\" alt=\"\" \/>\t\t\t\t\t\t<div class=\"section-bg-overlay absolute fill\"><\/div>\n\t\t\t\n\n\t\t<\/div>\n\n\t\t\n\n\t\t<div class=\"section-content relative\">\n\t\t\t\n\t<div id=\"gap-371363737\" class=\"gap-element clearfix\" style=\"display:block; height:auto;\">\n\t\t\n<style>\n#gap-371363737 {\n  padding-top: 30px;\n}\n<\/style>\n\t<\/div>\n\t\n<div class=\"row\"  id=\"row-883973484\">\n\n\t<div id=\"col-2078311147\" class=\"col small-12 large-12\"  >\n\t\t\t\t<div class=\"col-inner box-shadow-3 box-shadow-3-hover\" style=\"background-color:rgb(255, 255, 255);\" >\n\t\t\t\n\t\t\t\n<div class=\"row row-collapse align-middle\"  id=\"row-1688029147\">\n\n\t<div id=\"col-257858415\" class=\"col medium-12 small-12 large-6\"  >\n\t\t\t\t<div class=\"col-inner text-center\"  >\n\t\t\t\n\t\t\t\n\t<div id=\"text-2931199457\" class=\"text\">\n\t\t\n<h1>\u0110\u0102NG K\u00dd<\/h1>\n\t\t\n<style>\n#text-2931199457 {\n  color: #0cc0df;\n}\n#text-2931199457 > * {\n  color: #0cc0df;\n}\n<\/style>\n\t<\/div>\n\t\n\t<div id=\"gap-1784718397\" class=\"gap-element clearfix\" style=\"display:block; height:auto;\">\n\t\t\n<style>\n#gap-1784718397 {\n  padding-top: 10px;\n}\n<\/style>\n\t<\/div>\n\t\n\n<div class=\"wpcf7 no-js\" id=\"wpcf7-f362-o1\" lang=\"vi\" dir=\"ltr\" data-wpcf7-id=\"362\">\n<div class=\"screen-reader-response\"><p role=\"status\" aria-live=\"polite\" aria-atomic=\"true\"><\/p> <ul><\/ul><\/div>\n<form action=\"\/bds\/wp-json\/wp\/v2\/pages\/363#wpcf7-f362-o1\" method=\"post\" class=\"wpcf7-form init\" aria-label=\"Form li\u00ean h\u1ec7\" novalidate=\"novalidate\" data-status=\"init\">\n<fieldset class=\"hidden-fields-container\"><input type=\"hidden\" name=\"_wpcf7\" value=\"362\" \/><input type=\"hidden\" name=\"_wpcf7_version\" value=\"6.1\" \/><input type=\"hidden\" name=\"_wpcf7_locale\" value=\"vi\" \/><input type=\"hidden\" name=\"_wpcf7_unit_tag\" value=\"wpcf7-f362-o1\" \/><input type=\"hidden\" name=\"_wpcf7_container_post\" value=\"0\" \/><input type=\"hidden\" name=\"_wpcf7_posted_data_hash\" value=\"\" \/>\n<\/fieldset>\n<div class=\"form-dk\">\n\t<p><span class=\"wpcf7-form-control-wrap\" data-name=\"text-645\"><input size=\"40\" maxlength=\"400\" class=\"wpcf7-form-control wpcf7-text\" aria-invalid=\"false\" placeholder=\"H\u1ecd &amp; t\u00ean\" value=\"\" type=\"text\" name=\"text-645\" \/><\/span><br \/>\n<span class=\"wpcf7-form-control-wrap\" data-name=\"tel-123\"><input size=\"40\" maxlength=\"400\" class=\"wpcf7-form-control wpcf7-tel wpcf7-validates-as-required wpcf7-text wpcf7-validates-as-tel\" aria-required=\"true\" aria-invalid=\"false\" placeholder=\"S\u1ed1 \u0111i\u1ec7n tho\u1ea1i (*)\" value=\"\" type=\"tel\" name=\"tel-123\" \/><\/span><br \/>\n<label>C\u1ea7n t\u01b0 v\u1ea5n: <\/label><br \/>\n<span class=\"wpcf7-form-control-wrap\" data-name=\"checkbox-879\"><span class=\"wpcf7-form-control wpcf7-checkbox wpcf7-validates-as-required\"><span class=\"wpcf7-list-item first\"><label><input type=\"checkbox\" name=\"checkbox-879[]\" value=\"Mua nh\u00e0\" \/><span class=\"wpcf7-list-item-label\">Mua nh\u00e0<\/span><\/label><\/span><span class=\"wpcf7-list-item\"><label><input type=\"checkbox\" name=\"checkbox-879[]\" value=\"Thu\u00ea nh\u00e0\" \/><span class=\"wpcf7-list-item-label\">Thu\u00ea nh\u00e0<\/span><\/label><\/span><span class=\"wpcf7-list-item\"><label><input type=\"checkbox\" name=\"checkbox-879[]\" value=\"K\u00fd g\u1eedi\" \/><span class=\"wpcf7-list-item-label\">K\u00fd g\u1eedi<\/span><\/label><\/span><span class=\"wpcf7-list-item last\"><label><input type=\"checkbox\" name=\"checkbox-879[]\" value=\"Kh\u00e1c\" \/><span class=\"wpcf7-list-item-label\">Kh\u00e1c<\/span><\/label><\/span><\/span><\/span><br \/>\n<input class=\"wpcf7-form-control wpcf7-submit has-spinner button\" type=\"submit\" value=\"G\u1eedi\" \/>\n\t<\/p>\n<\/div><div class=\"wpcf7-response-output\" aria-hidden=\"true\"><\/div>\n<\/form>\n<\/div>\n\n\t\t<\/div>\n\t\t\t\t\n<style>\n#col-257858415 > .col-inner {\n  padding: 50px 30px 10px 30px;\n}\n@media (min-width:550px) {\n  #col-257858415 > .col-inner {\n    padding: 60px 70px 30px 70px;\n  }\n}\n<\/style>\n\t<\/div>\n\n\t\n\n\t<div id=\"col-809387039\" class=\"col medium-12 small-12 large-6 medium-col-first\"  >\n\t\t\t\t<div class=\"col-inner\"  >\n\t\t\t\n\t\t\t\n\n<p><iframe src=\"https:\/\/www.google.com\/maps\/embed?pb=!1m18!1m12!1m3!1d166755.54879250677!2d106.5792822!3d10.7485819!2m3!1f0!2f0!3f0!3m2!1i1024!2i768!4f13.1!3m3!1m2!1s0x31752d00551422a9%3A0x9d615ccac4d7af23!2zQsOsbmggQ2jDoW5oLCBI4buTIENow60gTWluaA!5e1!3m2!1svi!2s!4v1750949441192!5m2!1svi!2s\" width=\"600\" height=\"450\" style=\"border:0;\" allowfullscreen=\"\" loading=\"lazy\" referrerpolicy=\"no-referrer-when-downgrade\"><\/iframe><br \/>\n\n\t\t<\/div>\n\t\t\t\t\n<style>\n#col-809387039 > .col-inner {\n  padding: 0px 0px 0px 0px;\n}\n@media (min-width:550px) {\n  #col-809387039 > .col-inner {\n    padding: 0px 0px 0px 0px;\n  }\n}\n@media (min-width:850px) {\n  #col-809387039 > .col-inner {\n    padding: 7px 7px 0px 0px;\n  }\n}\n<\/style>\n\t<\/div>\n\n\t\n<\/div>\n\t\t<\/div>\n\t\t\t\t\n<style>\n#col-2078311147 > .col-inner {\n  border-radius: 10px;\n}\n<\/style>\n\t<\/div>\n\n\t\n<\/div>\n\t\t<\/div>\n\n\t\t\n<style>\n#section_1317053337 {\n  padding-top: 60px;\n  padding-bottom: 60px;\n}\n#section_1317053337 .section-bg-overlay {\n  background-color: rgba(0,0,0,.5);\n}\n#section_1317053337 .section-bg img {\n  object-position: 50% 49%;\n}\n@media (min-width:850px) {\n  #section_1317053337 {\n    padding-top: 90px;\n    padding-bottom: 90px;\n  }\n}\n<\/style>\n\t<\/section>\n\t\n","protected":false},"excerpt":{"rendered":"","protected":false},"author":1,"featured_media":0,"parent":0,"menu_order":0,"comment_status":"closed","ping_status":"closed","template":"page-blank.php","meta":{"_acf_changed":false,"footnotes":""},"class_list":["post-363","page","type-page","status-publish","hentry"],"acf":[],"yoast_head":"<!-- This site is optimized with the Yoast SEO plugin v25.3.1 - https:\/\/yoast.com\/wordpress\/plugins\/seo\/ -->\n<title>\u0110\u0103ng k\u00fd - Nhabinhchanhgiare.com | Chuy\u00ean mua b\u00e1n cho thu\u00ea nh\u00e0 B\u00ecnh Ch\u00e1nh<\/title>\n<meta name=\"robots\" content=\"index, follow, max-snippet:-1, max-image-preview:large, max-video-preview:-1\" \/>\n<link rel=\"canonical\" href=\"https:\/\/diennt.com\/bds\/dang-ky\/\" \/>\n<meta property=\"og:locale\" content=\"vi_VN\" \/>\n<meta property=\"og:type\" content=\"article\" \/>\n<meta property=\"og:title\" content=\"\u0110\u0103ng k\u00fd - Nhabinhchanhgiare.com | Chuy\u00ean mua b\u00e1n cho thu\u00ea nh\u00e0 B\u00ecnh Ch\u00e1nh\" \/>\n<meta property=\"og:url\" content=\"https:\/\/diennt.com\/bds\/dang-ky\/\" \/>\n<meta property=\"og:site_name\" content=\"Nhabinhchanhgiare.com | Chuy\u00ean mua b\u00e1n cho thu\u00ea nh\u00e0 B\u00ecnh Ch\u00e1nh\" \/>\n<meta property=\"article:modified_time\" content=\"2025-06-26T15:18:19+00:00\" \/>\n<meta name=\"twitter:card\" content=\"summary_large_image\" \/>\n<meta name=\"twitter:label1\" content=\"\u01af\u1edbc t\u00ednh th\u1eddi gian \u0111\u1ecdc\" \/>\n\t<meta name=\"twitter:data1\" content=\"1 ph\u00fat\" \/>\n<script type=\"application\/ld+json\" class=\"yoast-schema-graph\">{\"@context\":\"https:\/\/schema.org\",\"@graph\":[{\"@type\":\"WebPage\",\"@id\":\"https:\/\/diennt.com\/bds\/dang-ky\/\",\"url\":\"https:\/\/diennt.com\/bds\/dang-ky\/\",\"name\":\"\u0110\u0103ng k\u00fd - Nhabinhchanhgiare.com | Chuy\u00ean mua b\u00e1n cho thu\u00ea nh\u00e0 B\u00ecnh Ch\u00e1nh\",\"isPartOf\":{\"@id\":\"https:\/\/diennt.com\/bds\/#website\"},\"datePublished\":\"2025-06-26T14:45:59+00:00\",\"dateModified\":\"2025-06-26T15:18:19+00:00\",\"breadcrumb\":{\"@id\":\"https:\/\/diennt.com\/bds\/dang-ky\/#breadcrumb\"},\"inLanguage\":\"vi\",\"potentialAction\":[{\"@type\":\"ReadAction\",\"target\":[\"https:\/\/diennt.com\/bds\/dang-ky\/\"]}]},{\"@type\":\"BreadcrumbList\",\"@id\":\"https:\/\/diennt.com\/bds\/dang-ky\/#breadcrumb\",\"itemListElement\":[{\"@type\":\"ListItem\",\"position\":1,\"name\":\"Trang ch\u1ee7\",\"item\":\"https:\/\/diennt.com\/bds\/\"},{\"@type\":\"ListItem\",\"position\":2,\"name\":\"\u0110\u0103ng k\u00fd\"}]},{\"@type\":\"WebSite\",\"@id\":\"https:\/\/diennt.com\/bds\/#website\",\"url\":\"https:\/\/diennt.com\/bds\/\",\"name\":\"Nhabinhchanhgiare.com | Chuy\u00ean mua b\u00e1n cho thu\u00ea nh\u00e0 B\u00ecnh Ch\u00e1nh\",\"description\":\"\",\"potentialAction\":[{\"@type\":\"SearchAction\",\"target\":{\"@type\":\"EntryPoint\",\"urlTemplate\":\"https:\/\/diennt.com\/bds\/?s={search_term_string}\"},\"query-input\":{\"@type\":\"PropertyValueSpecification\",\"valueRequired\":true,\"valueName\":\"search_term_string\"}}],\"inLanguage\":\"vi\"}]}<\/script>\n<!-- \/ Yoast SEO plugin. -->","yoast_head_json":{"title":"\u0110\u0103ng k\u00fd - Nhabinhchanhgiare.com | Chuy\u00ean mua b\u00e1n cho thu\u00ea nh\u00e0 B\u00ecnh Ch\u00e1nh","robots":{"index":"index","follow":"follow","max-snippet":"max-snippet:-1","max-image-preview":"max-image-preview:large","max-video-preview":"max-video-preview:-1"},"canonical":"https:\/\/diennt.com\/bds\/dang-ky\/","og_locale":"vi_VN","og_type":"article","og_title":"\u0110\u0103ng k\u00fd - Nhabinhchanhgiare.com | Chuy\u00ean mua b\u00e1n cho thu\u00ea nh\u00e0 B\u00ecnh Ch\u00e1nh","og_url":"https:\/\/diennt.com\/bds\/dang-ky\/","og_site_name":"Nhabinhchanhgiare.com | Chuy\u00ean mua b\u00e1n cho thu\u00ea nh\u00e0 B\u00ecnh Ch\u00e1nh","article_modified_time":"2025-06-26T15:18:19+00:00","twitter_card":"summary_large_image","twitter_misc":{"\u01af\u1edbc t\u00ednh th\u1eddi gian \u0111\u1ecdc":"1 ph\u00fat"},"schema":{"@context":"https:\/\/schema.org","@graph":[{"@type":"WebPage","@id":"https:\/\/diennt.com\/bds\/dang-ky\/","url":"https:\/\/diennt.com\/bds\/dang-ky\/","name":"\u0110\u0103ng k\u00fd - Nhabinhchanhgiare.com | Chuy\u00ean mua b\u00e1n cho thu\u00ea nh\u00e0 B\u00ecnh Ch\u00e1nh","isPartOf":{"@id":"https:\/\/diennt.com\/bds\/#website"},"datePublished":"2025-06-26T14:45:59+00:00","dateModified":"2025-06-26T15:18:19+00:00","breadcrumb":{"@id":"https:\/\/diennt.com\/bds\/dang-ky\/#breadcrumb"},"inLanguage":"vi","potentialAction":[{"@type":"ReadAction","target":["https:\/\/diennt.com\/bds\/dang-ky\/"]}]},{"@type":"BreadcrumbList","@id":"https:\/\/diennt.com\/bds\/dang-ky\/#breadcrumb","itemListElement":[{"@type":"ListItem","position":1,"name":"Trang ch\u1ee7","item":"https:\/\/diennt.com\/bds\/"},{"@type":"ListItem","position":2,"name":"\u0110\u0103ng k\u00fd"}]},{"@type":"WebSite","@id":"https:\/\/diennt.com\/bds\/#website","url":"https:\/\/diennt.com\/bds\/","name":"Nhabinhchanhgiare.com | Chuy\u00ean mua b\u00e1n cho thu\u00ea nh\u00e0 B\u00ecnh Ch\u00e1nh","description":"","potentialAction":[{"@type":"SearchAction","target":{"@type":"EntryPoint","urlTemplate":"https:\/\/diennt.com\/bds\/?s={search_term_string}"},"query-input":{"@type":"PropertyValueSpecification","valueRequired":true,"valueName":"search_term_string"}}],"inLanguage":"vi"}]}},"_links":{"self":[{"href":"https:\/\/diennt.com\/bds\/wp-json\/wp\/v2\/pages\/363","targetHints":{"allow":["GET"]}}],"collection":[{"href":"https:\/\/diennt.com\/bds\/wp-json\/wp\/v2\/pages"}],"about":[{"href":"https:\/\/diennt.com\/bds\/wp-json\/wp\/v2\/types\/page"}],"author":[{"embeddable":true,"href":"https:\/\/diennt.com\/bds\/wp-json\/wp\/v2\/users\/1"}],"replies":[{"embeddable":true,"href":"https:\/\/diennt.com\/bds\/wp-json\/wp\/v2\/comments?post=363"}],"version-history":[{"count":4,"href":"https:\/\/diennt.com\/bds\/wp-json\/wp\/v2\/pages\/363\/revisions"}],"predecessor-version":[{"id":384,"href":"https:\/\/diennt.com\/bds\/wp-json\/wp\/v2\/pages\/363\/revisions\/384"}],"wp:attachment":[{"href":"https:\/\/diennt.com\/bds\/wp-json\/wp\/v2\/media?parent=363"}],"curies":[{"name":"wp","href":"https:\/\/api.w.org\/{rel}","templated":true}]}}